{"id":1294,"date":"2025-05-03T12:10:06","date_gmt":"2025-05-03T10:10:06","guid":{"rendered":"https:\/\/kuwavizuri-massage.re\/?page_id=1294"},"modified":"2025-06-12T16:38:11","modified_gmt":"2025-06-12T14:38:11","slug":"massage-intuitif","status":"publish","type":"page","link":"https:\/\/kuwavizuri-massage.re\/?page_id=1294","title":{"rendered":"Massage Intuitif"},"content":{"rendered":"\n<div class=\"wp-block-media-text is-stacked-on-mobile is-vertically-aligned-top\" style=\"grid-template-columns:42% auto\"><figure class=\"wp-block-media-text__media\"><img loading=\"lazy\" decoding=\"async\" width=\"640\" height=\"428\" src=\"http:\/\/kuwavizuri-massage.re\/wp-content\/uploads\/2023\/12\/massage-389716_640.jpg\" alt=\"\" class=\"wp-image-1052 size-full\" srcset=\"https:\/\/kuwavizuri-massage.re\/wp-content\/uploads\/2023\/12\/massage-389716_640.jpg 640w, https:\/\/kuwavizuri-massage.re\/wp-content\/uploads\/2023\/12\/massage-389716_640-300x201.jpg 300w\" sizes=\"auto, (max-width: 640px) 100vw, 640px\" \/><\/figure><div class=\"wp-block-media-text__content\">\n<p class=\"has-text-align-left\">Le massage intuitif : <\/p>\n\n\n\n<p>Massage personnalis\u00e9 bas\u00e9 sur le ressenti et la compr\u00e9hension de vos besoins.<\/p>\n\n\n\n<p>Son objectif : la relaxation, la lib\u00e9ration des tensions et douleurs.<br>Il permet l&#8217;apaisement et le l\u00e2cher prise.<\/p>\n\n\n\n<p>C&#8217;est un moment de partage et d&#8217;\u00e9coute.<\/p>\n\n\n\n<p class=\"has-text-align-center has-theme-palette-2-color has-text-color has-link-color wp-elements-f7f36e8746f8624f09fddd78e02819c1\"><strong>1H = 70\u20ac<\/strong><\/p>\n\n\n\n<p class=\"has-text-align-center\"><strong>1H30 = 90\u20ac<\/strong><\/p>\n\n\n\n<p class=\"has-text-align-center\"><strong>2H = 120\u20ac<\/strong><\/p>\n<\/div><\/div>\n","protected":false},"excerpt":{"rendered":"<p>Le massage intuitif : Massage personnalis\u00e9 bas\u00e9 sur le ressenti et la compr\u00e9hension de vos besoins. Son objectif : la relaxation, la lib\u00e9ration des tensions et douleurs.Il permet l&#8217;apaisement et le l\u00e2cher prise. C&#8217;est un moment de partage et d&#8217;\u00e9coute. 1H = 70\u20ac 1H30 = 90\u20ac 2H = 120\u20ac<\/p>\n","protected":false},"author":1,"featured_media":0,"parent":0,"menu_order":0,"comment_status":"closed","ping_status":"closed","template":"","meta":{"_kadence_starter_templates_imported_post":false,"_kad_post_transparent":"","_kad_post_title":"","_kad_post_layout":"","_kad_post_sidebar_id":"","_kad_post_content_style":"","_kad_post_vertical_padding":"","_kad_post_feature":"","_kad_post_feature_position":"","_kad_post_header":false,"_kad_post_footer":false,"_kad_post_classname":"","footnotes":""},"class_list":["post-1294","page","type-page","status-publish","hentry"],"_links":{"self":[{"href":"https:\/\/kuwavizuri-massage.re\/index.php?rest_route=\/wp\/v2\/pages\/1294","targetHints":{"allow":["GET"]}}],"collection":[{"href":"https:\/\/kuwavizuri-massage.re\/index.php?rest_route=\/wp\/v2\/pages"}],"about":[{"href":"https:\/\/kuwavizuri-massage.re\/index.php?rest_route=\/wp\/v2\/types\/page"}],"author":[{"embeddable":true,"href":"https:\/\/kuwavizuri-massage.re\/index.php?rest_route=\/wp\/v2\/users\/1"}],"replies":[{"embeddable":true,"href":"https:\/\/kuwavizuri-massage.re\/index.php?rest_route=%2Fwp%2Fv2%2Fcomments&post=1294"}],"version-history":[{"count":10,"href":"https:\/\/kuwavizuri-massage.re\/index.php?rest_route=\/wp\/v2\/pages\/1294\/revisions"}],"predecessor-version":[{"id":1347,"href":"https:\/\/kuwavizuri-massage.re\/index.php?rest_route=\/wp\/v2\/pages\/1294\/revisions\/1347"}],"wp:attachment":[{"href":"https:\/\/kuwavizuri-massage.re\/index.php?rest_route=%2Fwp%2Fv2%2Fmedia&parent=1294"}],"curies":[{"name":"wp","href":"https:\/\/api.w.org\/{rel}","templated":true}]}}