{"id":22,"date":"2022-06-10T15:46:49","date_gmt":"2022-06-10T15:46:49","guid":{"rendered":"https:\/\/kadence.pixel-show.com\/cleaning-services\/?page_id=22"},"modified":"2023-12-13T14:26:29","modified_gmt":"2023-12-13T13:26:29","slug":"appointment","status":"publish","type":"page","link":"https:\/\/kuwavizuri-massage.re\/?page_id=22","title":{"rendered":"Offres du moment"},"content":{"rendered":"<style>.kb-row-layout-id22_6483b5-dd > .kt-row-column-wrap{align-content:start;}:where(.kb-row-layout-id22_6483b5-dd > .kt-row-column-wrap) > .wp-block-kadence-column{justify-content:start;}.kb-row-layout-id22_6483b5-dd > .kt-row-column-wrap{column-gap:var(--global-kb-gap-md, 2rem);row-gap:var(--global-kb-gap-md, 2rem);max-width:var( --global-content-width, 1290px );padding-left:var(--global-content-edge-padding);padding-right:var(--global-content-edge-padding);padding-top:140px;padding-bottom:101px;grid-template-columns:minmax(0, 1fr);}.kb-row-layout-id22_6483b5-dd > .kt-row-layout-overlay{opacity:0.07;background-image:url('http:\/\/kuwavizuri-massage.re\/wp-content\/uploads\/2022\/06\/pexels-max-vakhtbovych-71005448.jpg');background-size:cover;background-position:51% 55.00000000000001%;background-attachment:scroll;background-repeat:no-repeat;mix-blend-mode:normal;}@media all and (max-width: 1024px){.kb-row-layout-id22_6483b5-dd > .kt-row-column-wrap{padding-top:80px;padding-bottom:80px;grid-template-columns:minmax(0, 1fr);}}@media all and (max-width: 767px){.kb-row-layout-id22_6483b5-dd > .kt-row-column-wrap{padding-top:100px;padding-right:30px;padding-bottom:100px;padding-left:30px;grid-template-columns:minmax(0, 1fr);}}<\/style><div class=\"kb-row-layout-wrap kb-row-layout-id22_6483b5-dd alignnone has-theme-palette8-background-color kt-row-has-bg wp-block-kadence-rowlayout\"><div class=\"kt-row-layout-overlay kt-row-overlay-normal\"><\/div><div class=\"kt-row-column-wrap kt-has-1-columns kt-row-layout-equal kt-tab-layout-inherit kt-mobile-layout-row kt-row-valign-top kb-theme-content-width\">\n<style>.kadence-column22_d92ffb-e6 > .kt-inside-inner-col,.kadence-column22_d92ffb-e6 > .kt-inside-inner-col:before{border-top-left-radius:0px;border-top-right-radius:0px;border-bottom-right-radius:0px;border-bottom-left-radius:0px;}.kadence-column22_d92ffb-e6 > .kt-inside-inner-col{column-gap:var(--global-kb-gap-sm, 1rem);}.kadence-column22_d92ffb-e6 > .kt-inside-inner-col{flex-direction:column;}.kadence-column22_d92ffb-e6 > .kt-inside-inner-col > .aligncenter{width:100%;}.kadence-column22_d92ffb-e6 > .kt-inside-inner-col:before{opacity:0.3;}.kadence-column22_d92ffb-e6{position:relative;}@media all and (max-width: 1024px){.kadence-column22_d92ffb-e6 > .kt-inside-inner-col{padding-top:0px;padding-right:0px;padding-bottom:0px;padding-left:0px;flex-direction:column;justify-content:center;}}@media all and (max-width: 767px){.kadence-column22_d92ffb-e6 > .kt-inside-inner-col{flex-direction:column;justify-content:center;}}<\/style>\n<div class=\"wp-block-kadence-column kadence-column22_d92ffb-e6 inner-column-1\"><div class=\"kt-inside-inner-col\"><style>.kb-row-layout-id22_3b7090-83 > .kt-row-column-wrap{align-content:start;}:where(.kb-row-layout-id22_3b7090-83 > .kt-row-column-wrap) > .wp-block-kadence-column{justify-content:start;}.kb-row-layout-id22_3b7090-83 > .kt-row-column-wrap{column-gap:var(--global-kb-gap-md, 2rem);row-gap:var(--global-kb-gap-md, 2rem);max-width:600px;margin-left:auto;margin-right:auto;padding-top:0px;padding-bottom:0px;grid-template-columns:minmax(0, 1fr);}.kb-row-layout-id22_3b7090-83 > .kt-row-layout-overlay{opacity:0.30;}@media all and (max-width: 1024px){.kb-row-layout-id22_3b7090-83 > .kt-row-column-wrap{padding-top:0px;padding-right:0px;padding-bottom:0px;padding-left:0px;grid-template-columns:minmax(0, 1fr);}}@media all and (max-width: 767px){.kb-row-layout-id22_3b7090-83 > .kt-row-column-wrap{grid-template-columns:minmax(0, 1fr);}}<\/style><div class=\"kb-row-layout-wrap kb-row-layout-id22_3b7090-83 alignnone wp-block-kadence-rowlayout\"><div class=\"kt-row-column-wrap kt-has-1-columns kt-row-layout-equal kt-tab-layout-inherit kt-mobile-layout-row kt-row-valign-top\">\n<style>.kadence-column22_90850a-94 > .kt-inside-inner-col{padding-right:40px;padding-left:40px;}.kadence-column22_90850a-94 > .kt-inside-inner-col,.kadence-column22_90850a-94 > .kt-inside-inner-col:before{border-top-left-radius:0px;border-top-right-radius:0px;border-bottom-right-radius:0px;border-bottom-left-radius:0px;}.kadence-column22_90850a-94 > .kt-inside-inner-col{column-gap:var(--global-kb-gap-sm, 1rem);}.kadence-column22_90850a-94 > .kt-inside-inner-col{flex-direction:column;}.kadence-column22_90850a-94 > .kt-inside-inner-col > .aligncenter{width:100%;}.kadence-column22_90850a-94 > .kt-inside-inner-col:before{opacity:0.3;}.kadence-column22_90850a-94{position:relative;}@media all and (max-width: 1024px){.kadence-column22_90850a-94 > .kt-inside-inner-col{flex-direction:column;justify-content:center;}}@media all and (max-width: 767px){.kadence-column22_90850a-94 > .kt-inside-inner-col{padding-right:0px;padding-left:0px;flex-direction:column;justify-content:center;}}<\/style>\n<div class=\"wp-block-kadence-column kadence-column22_90850a-94 inner-column-1\"><div class=\"kt-inside-inner-col\"><style>.wp-block-kadence-advancedheading.kt-adv-heading22_83e8b4-15, .wp-block-kadence-advancedheading.kt-adv-heading22_83e8b4-15[data-kb-block=\"kb-adv-heading22_83e8b4-15\"]{padding-top:0px;padding-right:0px;padding-bottom:20px;padding-left:0px;margin-top:0px;margin-right:0px;margin-bottom:0px;margin-left:0px;text-align:center;font-style:normal;text-transform:capitalize;}.wp-block-kadence-advancedheading.kt-adv-heading22_83e8b4-15 mark.kt-highlight, .wp-block-kadence-advancedheading.kt-adv-heading22_83e8b4-15[data-kb-block=\"kb-adv-heading22_83e8b4-15\"] mark.kt-highlight{font-style:normal;color:#f76a0c;-webkit-box-decoration-break:clone;box-decoration-break:clone;padding-top:0px;padding-right:0px;padding-bottom:0px;padding-left:0px;}.wp-block-kadence-advancedheading.kt-adv-heading22_83e8b4-15 img.kb-inline-image, .wp-block-kadence-advancedheading.kt-adv-heading22_83e8b4-15[data-kb-block=\"kb-adv-heading22_83e8b4-15\"] img.kb-inline-image{width:150px;vertical-align:baseline;}@media all and (max-width: 767px){.wp-block-kadence-advancedheading.kt-adv-heading22_83e8b4-15, .wp-block-kadence-advancedheading.kt-adv-heading22_83e8b4-15[data-kb-block=\"kb-adv-heading22_83e8b4-15\"]{font-size:var(--global-kb-font-size-lg, 2rem);}}<\/style>\n<h1 class=\"kt-adv-heading22_83e8b4-15 wp-block-kadence-advancedheading has-theme-palette-3-color has-text-color\" data-kb-block=\"kb-adv-heading22_83e8b4-15\">Offre sp\u00e9ciale<\/h1>\n\n\n<style>.wp-block-kadence-advancedheading.kt-adv-heading22_1caec6-21, .wp-block-kadence-advancedheading.kt-adv-heading22_1caec6-21[data-kb-block=\"kb-adv-heading22_1caec6-21\"]{padding-right:0px;padding-left:0px;text-align:center;font-style:normal;}.wp-block-kadence-advancedheading.kt-adv-heading22_1caec6-21 mark.kt-highlight, .wp-block-kadence-advancedheading.kt-adv-heading22_1caec6-21[data-kb-block=\"kb-adv-heading22_1caec6-21\"] mark.kt-highlight{font-style:normal;color:#f76a0c;-webkit-box-decoration-break:clone;box-decoration-break:clone;padding-top:0px;padding-right:0px;padding-bottom:0px;padding-left:0px;}.wp-block-kadence-advancedheading.kt-adv-heading22_1caec6-21 img.kb-inline-image, .wp-block-kadence-advancedheading.kt-adv-heading22_1caec6-21[data-kb-block=\"kb-adv-heading22_1caec6-21\"] img.kb-inline-image{width:150px;vertical-align:baseline;}@media all and (max-width: 767px){.wp-block-kadence-advancedheading.kt-adv-heading22_1caec6-21, .wp-block-kadence-advancedheading.kt-adv-heading22_1caec6-21[data-kb-block=\"kb-adv-heading22_1caec6-21\"]{padding-right:0px;padding-left:0px;}}<\/style>\n<p class=\"kt-adv-heading22_1caec6-21 wp-block-kadence-advancedheading has-theme-palette-3-color has-text-color\" data-kb-block=\"kb-adv-heading22_1caec6-21\">D\u00e9couvrez mon offre sp\u00e9ciale exclusive ! Profitez d&#8217;une exp\u00e9rience unique avec mes s\u00e9ances de massage \u00e0 tarifs pr\u00e9f\u00e9rentiels.<\/p>\n<\/div><\/div>\n\n<\/div><\/div><\/div><\/div>\n\n<\/div><\/div>\n\n\n<p> <\/p>\n\n\n<style>.kb-image22_fd1653-ba.kb-image-is-ratio-size, .kb-image22_fd1653-ba .kb-image-is-ratio-size{max-width:725px;width:100%;}.wp-block-kadence-column > .kt-inside-inner-col > .kb-image22_fd1653-ba.kb-image-is-ratio-size, .wp-block-kadence-column > .kt-inside-inner-col > .kb-image22_fd1653-ba .kb-image-is-ratio-size{align-self:unset;}.kb-image22_fd1653-ba figure{max-width:725px;}.kb-image22_fd1653-ba .image-is-svg, .kb-image22_fd1653-ba .image-is-svg img{width:100%;}.kb-image22_fd1653-ba .kb-image-has-overlay:after{opacity:0.3;}<\/style>\n<div class=\"wp-block-kadence-image kb-image22_fd1653-ba\"><figure class=\"aligncenter size-large\"><img loading=\"lazy\" decoding=\"async\" width=\"724\" height=\"1024\" src=\"http:\/\/kuwavizuri-massage.re\/wp-content\/uploads\/2023\/12\/Votre-texte-de-paragraphe-7-1-724x1024.png\" alt=\"\" class=\"kb-img wp-image-900\" srcset=\"https:\/\/kuwavizuri-massage.re\/wp-content\/uploads\/2023\/12\/Votre-texte-de-paragraphe-7-1-724x1024.png 724w, https:\/\/kuwavizuri-massage.re\/wp-content\/uploads\/2023\/12\/Votre-texte-de-paragraphe-7-1-212x300.png 212w, https:\/\/kuwavizuri-massage.re\/wp-content\/uploads\/2023\/12\/Votre-texte-de-paragraphe-7-1-768x1086.png 768w, https:\/\/kuwavizuri-massage.re\/wp-content\/uploads\/2023\/12\/Votre-texte-de-paragraphe-7-1-1086x1536.png 1086w, https:\/\/kuwavizuri-massage.re\/wp-content\/uploads\/2023\/12\/Votre-texte-de-paragraphe-7-1-1448x2048.png 1448w, https:\/\/kuwavizuri-massage.re\/wp-content\/uploads\/2023\/12\/Votre-texte-de-paragraphe-7-1.png 1587w\" sizes=\"auto, (max-width: 724px) 100vw, 724px\" \/><\/figure><\/div>\n\n\n<style>.kb-row-layout-id22_9b61e4-12 > .kt-row-column-wrap{align-content:start;}:where(.kb-row-layout-id22_9b61e4-12 > .kt-row-column-wrap) > .wp-block-kadence-column{justify-content:start;}.kb-row-layout-id22_9b61e4-12 > .kt-row-column-wrap{column-gap:20px;row-gap:20px;max-width:var( --global-content-width, 1290px );padding-left:var(--global-content-edge-padding);padding-right:var(--global-content-edge-padding);padding-top:82px;padding-right:20px;padding-bottom:80px;padding-left:20px;grid-template-columns:repeat(2, minmax(0, 1fr));}.kb-row-layout-id22_9b61e4-12 > .kt-row-layout-overlay{opacity:0.30;}@media all and (max-width: 1024px){.kb-row-layout-id22_9b61e4-12 > .kt-row-column-wrap{padding-top:60px;padding-right:150px;padding-bottom:60px;padding-left:150px;grid-template-columns:minmax(0, 1fr);}}@media all and (max-width: 767px){.kb-row-layout-id22_9b61e4-12 > .kt-row-column-wrap{padding-top:20px;padding-right:20px;padding-bottom:20px;padding-left:20px;grid-template-columns:minmax(0, 1fr);}}<\/style><div class=\"kb-row-layout-wrap kb-row-layout-id22_9b61e4-12 alignnone wp-block-kadence-rowlayout\"><div class=\"kt-row-column-wrap kt-has-2-columns kt-row-layout-equal kt-tab-layout-row kt-mobile-layout-row kt-row-valign-top kb-theme-content-width\">\n<style>.kadence-column22_818af6-f6 > .kt-inside-inner-col{display:flex;}.kadence-column22_818af6-f6 > .kt-inside-inner-col{padding-top:0px;padding-right:0px;padding-bottom:0px;padding-left:0px;}.kadence-column22_818af6-f6 > .kt-inside-inner-col,.kadence-column22_818af6-f6 > .kt-inside-inner-col:before{border-top-left-radius:0px;border-top-right-radius:0px;border-bottom-right-radius:0px;border-bottom-left-radius:0px;}.kadence-column22_818af6-f6 > .kt-inside-inner-col{column-gap:var(--global-kb-gap-sm, 1rem);}.kadence-column22_818af6-f6 > .kt-inside-inner-col{flex-direction:column;justify-content:center;}.kadence-column22_818af6-f6 > .kt-inside-inner-col > .aligncenter{width:100%;}.kt-row-column-wrap > .kadence-column22_818af6-f6{align-self:center;}.kt-inner-column-height-full:not(.kt-has-1-columns) > .wp-block-kadence-column.kadence-column22_818af6-f6{align-self:auto;}.kt-inner-column-height-full:not(.kt-has-1-columns) > .wp-block-kadence-column.kadence-column22_818af6-f6 > .kt-inside-inner-col{flex-direction:column;justify-content:center;}.kadence-column22_818af6-f6 > .kt-inside-inner-col:before{opacity:0.3;}.kadence-column22_818af6-f6{position:relative;}.kadence-column22_818af6-f6, .kt-inside-inner-col > .kadence-column22_818af6-f6:not(.specificity){margin-right:80px;}@media all and (max-width: 1024px){.kt-row-column-wrap > .kadence-column22_818af6-f6{align-self:center;}}@media all and (max-width: 1024px){.kt-inner-column-height-full:not(.kt-has-1-columns) > .wp-block-kadence-column.kadence-column22_818af6-f6{align-self:auto;}}@media all and (max-width: 1024px){.kt-inner-column-height-full:not(.kt-has-1-columns) > .wp-block-kadence-column.kadence-column22_818af6-f6 > .kt-inside-inner-col{flex-direction:column;justify-content:center;}}@media all and (max-width: 1024px){.kadence-column22_818af6-f6 > .kt-inside-inner-col{flex-direction:column;justify-content:center;}}@media all and (max-width: 1024px){.kadence-column22_818af6-f6, .kt-inside-inner-col > .kadence-column22_818af6-f6:not(.specificity){margin-right:0px;margin-left:0px;}}@media all and (max-width: 767px){.kadence-column22_818af6-f6 > .kt-inside-inner-col{padding-top:20px;padding-right:20px;padding-bottom:20px;padding-left:20px;flex-direction:column;justify-content:center;}.kt-row-column-wrap > .kadence-column22_818af6-f6{align-self:center;}.kt-inner-column-height-full:not(.kt-has-1-columns) > .wp-block-kadence-column.kadence-column22_818af6-f6{align-self:auto;}.kt-inner-column-height-full:not(.kt-has-1-columns) > .wp-block-kadence-column.kadence-column22_818af6-f6 > .kt-inside-inner-col{flex-direction:column;justify-content:center;}.kadence-column22_818af6-f6, .kt-inside-inner-col > .kadence-column22_818af6-f6:not(.specificity){margin-right:0px;margin-left:0px;}}<\/style>\n<div class=\"wp-block-kadence-column kadence-column22_818af6-f6 inner-column-1\"><div class=\"kt-inside-inner-col\"><style>.wp-block-kadence-advancedheading.kt-adv-heading22_84a220-cd, .wp-block-kadence-advancedheading.kt-adv-heading22_84a220-cd[data-kb-block=\"kb-adv-heading22_84a220-cd\"]{margin-bottom:10px;font-style:normal;}.wp-block-kadence-advancedheading.kt-adv-heading22_84a220-cd mark.kt-highlight, .wp-block-kadence-advancedheading.kt-adv-heading22_84a220-cd[data-kb-block=\"kb-adv-heading22_84a220-cd\"] mark.kt-highlight{font-style:normal;color:#f76a0c;-webkit-box-decoration-break:clone;box-decoration-break:clone;padding-top:0px;padding-right:0px;padding-bottom:0px;padding-left:0px;}.wp-block-kadence-advancedheading.kt-adv-heading22_84a220-cd img.kb-inline-image, .wp-block-kadence-advancedheading.kt-adv-heading22_84a220-cd[data-kb-block=\"kb-adv-heading22_84a220-cd\"] img.kb-inline-image{width:150px;vertical-align:baseline;}@media all and (max-width: 1024px){.wp-block-kadence-advancedheading.kt-adv-heading22_84a220-cd, .wp-block-kadence-advancedheading.kt-adv-heading22_84a220-cd[data-kb-block=\"kb-adv-heading22_84a220-cd\"]{text-align:center!important;}}@media all and (max-width: 767px){.wp-block-kadence-advancedheading.kt-adv-heading22_84a220-cd, .wp-block-kadence-advancedheading.kt-adv-heading22_84a220-cd[data-kb-block=\"kb-adv-heading22_84a220-cd\"]{text-align:center!important;}}<\/style>\n<h6 class=\"kt-adv-heading22_84a220-cd wp-block-kadence-advancedheading\" data-kb-block=\"kb-adv-heading22_84a220-cd\">Mon offre<\/h6>\n\n\n<style>.wp-block-kadence-advancedheading.kt-adv-heading22_e94130-1b, .wp-block-kadence-advancedheading.kt-adv-heading22_e94130-1b[data-kb-block=\"kb-adv-heading22_e94130-1b\"]{margin-bottom:20px;font-size:var(--global-kb-font-size-md, 1.25rem);font-style:normal;}.wp-block-kadence-advancedheading.kt-adv-heading22_e94130-1b mark.kt-highlight, .wp-block-kadence-advancedheading.kt-adv-heading22_e94130-1b[data-kb-block=\"kb-adv-heading22_e94130-1b\"] mark.kt-highlight{font-style:normal;color:#f76a0c;-webkit-box-decoration-break:clone;box-decoration-break:clone;padding-top:0px;padding-right:0px;padding-bottom:0px;padding-left:0px;}.wp-block-kadence-advancedheading.kt-adv-heading22_e94130-1b img.kb-inline-image, .wp-block-kadence-advancedheading.kt-adv-heading22_e94130-1b[data-kb-block=\"kb-adv-heading22_e94130-1b\"] img.kb-inline-image{width:150px;vertical-align:baseline;}@media all and (max-width: 1024px){.wp-block-kadence-advancedheading.kt-adv-heading22_e94130-1b, .wp-block-kadence-advancedheading.kt-adv-heading22_e94130-1b[data-kb-block=\"kb-adv-heading22_e94130-1b\"]{text-align:center!important;}}@media all and (max-width: 767px){.wp-block-kadence-advancedheading.kt-adv-heading22_e94130-1b, .wp-block-kadence-advancedheading.kt-adv-heading22_e94130-1b[data-kb-block=\"kb-adv-heading22_e94130-1b\"]{text-align:center!important;}}<\/style>\n<h2 class=\"kt-adv-heading22_e94130-1b wp-block-kadence-advancedheading\" data-kb-block=\"kb-adv-heading22_e94130-1b\">D\u00e9couvrez mon offre sp\u00e9ciale du moment et offrez-vous une exp\u00e9rience de bien-\u00eatre in\u00e9gal\u00e9e !<\/h2>\n\n\n<style>.wp-block-kadence-advancedheading.kt-adv-heading22_d7665e-25, .wp-block-kadence-advancedheading.kt-adv-heading22_d7665e-25[data-kb-block=\"kb-adv-heading22_d7665e-25\"]{margin-bottom:20px;font-style:normal;}.wp-block-kadence-advancedheading.kt-adv-heading22_d7665e-25 mark.kt-highlight, .wp-block-kadence-advancedheading.kt-adv-heading22_d7665e-25[data-kb-block=\"kb-adv-heading22_d7665e-25\"] mark.kt-highlight{font-style:normal;color:#f76a0c;-webkit-box-decoration-break:clone;box-decoration-break:clone;padding-top:0px;padding-right:0px;padding-bottom:0px;padding-left:0px;}.wp-block-kadence-advancedheading.kt-adv-heading22_d7665e-25 img.kb-inline-image, .wp-block-kadence-advancedheading.kt-adv-heading22_d7665e-25[data-kb-block=\"kb-adv-heading22_d7665e-25\"] img.kb-inline-image{width:150px;vertical-align:baseline;}@media all and (max-width: 1024px){.wp-block-kadence-advancedheading.kt-adv-heading22_d7665e-25, .wp-block-kadence-advancedheading.kt-adv-heading22_d7665e-25[data-kb-block=\"kb-adv-heading22_d7665e-25\"]{text-align:center!important;}}@media all and (max-width: 767px){.wp-block-kadence-advancedheading.kt-adv-heading22_d7665e-25, .wp-block-kadence-advancedheading.kt-adv-heading22_d7665e-25[data-kb-block=\"kb-adv-heading22_d7665e-25\"]{text-align:center!important;}}<\/style>\n<p class=\"kt-adv-heading22_d7665e-25 wp-block-kadence-advancedheading\" data-kb-block=\"kb-adv-heading22_d7665e-25\">Profitez de tarifs exclusifs sur mes s\u00e9ances de massage pour un temps limit\u00e9. R\u00e9servez maintenant pour b\u00e9n\u00e9ficier d&#8217;avantages exceptionnels et plongez dans un monde de d\u00e9tente et de r\u00e9g\u00e9n\u00e9ration.<\/p>\n<\/div><\/div>\n\n\n<style>.kadence-column22_c6b14e-9e > .kt-inside-inner-col,.kadence-column22_c6b14e-9e > .kt-inside-inner-col:before{border-top-left-radius:0px;border-top-right-radius:0px;border-bottom-right-radius:0px;border-bottom-left-radius:0px;}.kadence-column22_c6b14e-9e > .kt-inside-inner-col{column-gap:var(--global-kb-gap-sm, 1rem);}.kadence-column22_c6b14e-9e > .kt-inside-inner-col{flex-direction:column;}.kadence-column22_c6b14e-9e > .kt-inside-inner-col > .aligncenter{width:100%;}.kadence-column22_c6b14e-9e > .kt-inside-inner-col:before{opacity:0.3;}.kadence-column22_c6b14e-9e{position:relative;}@media all and (max-width: 1024px){.kadence-column22_c6b14e-9e > .kt-inside-inner-col{flex-direction:column;justify-content:center;}}@media all and (max-width: 767px){.kadence-column22_c6b14e-9e > .kt-inside-inner-col{flex-direction:column;justify-content:center;}}<\/style>\n<div class=\"wp-block-kadence-column kadence-column22_c6b14e-9e\"><div class=\"kt-inside-inner-col\"><\/div><\/div>\n\n<\/div><\/div>","protected":false},"excerpt":{"rendered":"<p>Offre sp\u00e9ciale D\u00e9couvrez mon offre sp\u00e9ciale exclusive ! Profitez d&#8217;une exp\u00e9rience unique avec mes s\u00e9ances de massage \u00e0 tarifs pr\u00e9f\u00e9rentiels. Mon offre D\u00e9couvrez mon offre sp\u00e9ciale du moment et offrez-vous une exp\u00e9rience de bien-\u00eatre in\u00e9gal\u00e9e ! Profitez de tarifs exclusifs sur mes s\u00e9ances de massage pour un temps limit\u00e9. R\u00e9servez maintenant pour b\u00e9n\u00e9ficier d&#8217;avantages exceptionnels&#8230;<\/p>\n","protected":false},"author":1,"featured_media":0,"parent":0,"menu_order":0,"comment_status":"closed","ping_status":"closed","template":"","meta":{"_kadence_starter_templates_imported_post":true,"_kad_post_transparent":"","_kad_post_title":"hide","_kad_post_layout":"fullwidth","_kad_post_sidebar_id":"","_kad_post_content_style":"unboxed","_kad_post_vertical_padding":"hide","_kad_post_feature":"hide","_kad_post_feature_position":"","_kad_post_header":false,"_kad_post_footer":false,"_kad_post_classname":"","footnotes":""},"class_list":["post-22","page","type-page","status-publish","hentry"],"_links":{"self":[{"href":"https:\/\/kuwavizuri-massage.re\/index.php?rest_route=\/wp\/v2\/pages\/22","targetHints":{"allow":["GET"]}}],"collection":[{"href":"https:\/\/kuwavizuri-massage.re\/index.php?rest_route=\/wp\/v2\/pages"}],"about":[{"href":"https:\/\/kuwavizuri-massage.re\/index.php?rest_route=\/wp\/v2\/types\/page"}],"author":[{"embeddable":true,"href":"https:\/\/kuwavizuri-massage.re\/index.php?rest_route=\/wp\/v2\/users\/1"}],"replies":[{"embeddable":true,"href":"https:\/\/kuwavizuri-massage.re\/index.php?rest_route=%2Fwp%2Fv2%2Fcomments&post=22"}],"version-history":[{"count":9,"href":"https:\/\/kuwavizuri-massage.re\/index.php?rest_route=\/wp\/v2\/pages\/22\/revisions"}],"predecessor-version":[{"id":1227,"href":"https:\/\/kuwavizuri-massage.re\/index.php?rest_route=\/wp\/v2\/pages\/22\/revisions\/1227"}],"wp:attachment":[{"href":"https:\/\/kuwavizuri-massage.re\/index.php?rest_route=%2Fwp%2Fv2%2Fmedia&parent=22"}],"curies":[{"name":"wp","href":"https:\/\/api.w.org\/{rel}","templated":true}]}}