{"id":913,"date":"2023-12-07T20:46:24","date_gmt":"2023-12-07T19:46:24","guid":{"rendered":"https:\/\/kuwavizuri-massage.re\/?page_id=913"},"modified":"2025-05-12T18:29:05","modified_gmt":"2025-05-12T16:29:05","slug":"massage-hypotenuse","status":"publish","type":"page","link":"https:\/\/kuwavizuri-massage.re\/?page_id=913","title":{"rendered":"massage hypot\u00e9nuse"},"content":{"rendered":"\n<div class=\"wp-block-columns is-layout-flex wp-container-core-columns-is-layout-9d6595d7 wp-block-columns-is-layout-flex\">\n<div class=\"wp-block-column is-layout-flow wp-block-column-is-layout-flow\" style=\"flex-basis:100%\"><style>.kadence-column913_7a6a24-5e > .kt-inside-inner-col,.kadence-column913_7a6a24-5e > .kt-inside-inner-col:before{border-top-left-radius:0px;border-top-right-radius:0px;border-bottom-right-radius:0px;border-bottom-left-radius:0px;}.kadence-column913_7a6a24-5e > .kt-inside-inner-col{column-gap:var(--global-kb-gap-sm, 1rem);}.kadence-column913_7a6a24-5e > .kt-inside-inner-col{flex-direction:column;}.kadence-column913_7a6a24-5e > .kt-inside-inner-col > .aligncenter{width:100%;}.kadence-column913_7a6a24-5e > .kt-inside-inner-col:before{opacity:0.3;}.kadence-column913_7a6a24-5e{position:relative;}@media all and (max-width: 1024px){.kadence-column913_7a6a24-5e > .kt-inside-inner-col{flex-direction:column;justify-content:center;}}@media all and (max-width: 767px){.kadence-column913_7a6a24-5e > .kt-inside-inner-col{flex-direction:column;justify-content:center;}}<\/style>\n<div class=\"wp-block-kadence-column kadence-column913_7a6a24-5e\"><div class=\"kt-inside-inner-col\">\n<div class=\"wp-block-media-text is-stacked-on-mobile\"><figure class=\"wp-block-media-text__media\"><img loading=\"lazy\" decoding=\"async\" width=\"612\" height=\"408\" src=\"https:\/\/kuwavizuri-massage.re\/wp-content\/uploads\/2023\/12\/istockphoto-1372664128-612x612-1.jpg\" alt=\"\" class=\"wp-image-1035 size-full\" srcset=\"https:\/\/kuwavizuri-massage.re\/wp-content\/uploads\/2023\/12\/istockphoto-1372664128-612x612-1.jpg 612w, https:\/\/kuwavizuri-massage.re\/wp-content\/uploads\/2023\/12\/istockphoto-1372664128-612x612-1-300x200.jpg 300w\" sizes=\"auto, (max-width: 612px) 100vw, 612px\" \/><\/figure><div class=\"wp-block-media-text__content\">\n<p>Massage signature de L&#8217;Institut Hypot\u00e9nuse<\/p>\n\n\n\n<p>Relaxant : techniques californiennes et su\u00e9doises.<\/p>\n\n\n\n<p>Rel\u00e2chement des tensions mentales et physiques.<\/p>\n\n\n\n<p>Le Massage Hypot\u00e9nuse est une cr\u00e9ation originale d&#8217;Eric Darves-Bornoz, directeur de L&#8217;Institut Hypot\u00e9nuse. Il s&#8217;agit d&#8217;un massage complet \u00e0 la fois relaxant, enveloppant et \u00e9nergisant, combinant des techniques su\u00e9doises et californiennes.<\/p>\n\n\n\n<p>Il est compos\u00e9 de techniques douces d&#8217;effleurages, mais aussi de p\u00e9trissages et de percussions.<\/p>\n\n\n\n<p>Stimulant la circulation sanguine et soulageant les tensions musculaires par des mouvements dynamiques, le massage Hypot\u00e9nuse apportera \u00e9galement une profonde relaxation, qu&#8217;elle soit physique ou psychique.<\/p>\n\n\n\n<p class=\"has-text-align-center\"><strong>1H = 70 \u20ac<\/strong><\/p>\n<\/div><\/div>\n<\/div><\/div>\n<\/div>\n<\/div>\n","protected":false},"excerpt":{"rendered":"<p>Massage signature de L&#8217;Institut Hypot\u00e9nuse Relaxant : techniques californiennes et su\u00e9doises. Rel\u00e2chement des tensions mentales et physiques. Le Massage Hypot\u00e9nuse est une cr\u00e9ation originale d&#8217;Eric Darves-Bornoz, directeur de L&#8217;Institut Hypot\u00e9nuse. Il s&#8217;agit d&#8217;un massage complet \u00e0 la fois relaxant, enveloppant et \u00e9nergisant, combinant des techniques su\u00e9doises et californiennes. Il est compos\u00e9 de techniques douces d&#8217;effleurages,&#8230;<\/p>\n","protected":false},"author":1,"featured_media":0,"parent":0,"menu_order":0,"comment_status":"closed","ping_status":"closed","template":"","meta":{"_kadence_starter_templates_imported_post":false,"_kad_post_transparent":"disable","_kad_post_title":"","_kad_post_layout":"fullwidth","_kad_post_sidebar_id":"","_kad_post_content_style":"unboxed","_kad_post_vertical_padding":"hide","_kad_post_feature":"","_kad_post_feature_position":"","_kad_post_header":false,"_kad_post_footer":false,"_kad_post_classname":"","footnotes":""},"class_list":["post-913","page","type-page","status-publish","hentry"],"_links":{"self":[{"href":"https:\/\/kuwavizuri-massage.re\/index.php?rest_route=\/wp\/v2\/pages\/913","targetHints":{"allow":["GET"]}}],"collection":[{"href":"https:\/\/kuwavizuri-massage.re\/index.php?rest_route=\/wp\/v2\/pages"}],"about":[{"href":"https:\/\/kuwavizuri-massage.re\/index.php?rest_route=\/wp\/v2\/types\/page"}],"author":[{"embeddable":true,"href":"https:\/\/kuwavizuri-massage.re\/index.php?rest_route=\/wp\/v2\/users\/1"}],"replies":[{"embeddable":true,"href":"https:\/\/kuwavizuri-massage.re\/index.php?rest_route=%2Fwp%2Fv2%2Fcomments&post=913"}],"version-history":[{"count":10,"href":"https:\/\/kuwavizuri-massage.re\/index.php?rest_route=\/wp\/v2\/pages\/913\/revisions"}],"predecessor-version":[{"id":1330,"href":"https:\/\/kuwavizuri-massage.re\/index.php?rest_route=\/wp\/v2\/pages\/913\/revisions\/1330"}],"wp:attachment":[{"href":"https:\/\/kuwavizuri-massage.re\/index.php?rest_route=%2Fwp%2Fv2%2Fmedia&parent=913"}],"curies":[{"name":"wp","href":"https:\/\/api.w.org\/{rel}","templated":true}]}}