{"id":916,"date":"2023-12-07T21:02:18","date_gmt":"2023-12-07T20:02:18","guid":{"rendered":"https:\/\/kuwavizuri-massage.re\/?page_id=916"},"modified":"2025-05-12T18:29:28","modified_gmt":"2025-05-12T16:29:28","slug":"massage-balinais","status":"publish","type":"page","link":"https:\/\/kuwavizuri-massage.re\/?page_id=916","title":{"rendered":"Massage balinais"},"content":{"rendered":"\n<div class=\"wp-block-media-text is-stacked-on-mobile\"><figure class=\"wp-block-media-text__media\"><img loading=\"lazy\" decoding=\"async\" width=\"612\" height=\"510\" src=\"https:\/\/kuwavizuri-massage.re\/wp-content\/uploads\/2023\/12\/istockphoto-144273180-612x612-1.jpg\" alt=\"\" class=\"wp-image-1037 size-full\" srcset=\"https:\/\/kuwavizuri-massage.re\/wp-content\/uploads\/2023\/12\/istockphoto-144273180-612x612-1.jpg 612w, https:\/\/kuwavizuri-massage.re\/wp-content\/uploads\/2023\/12\/istockphoto-144273180-612x612-1-300x250.jpg 300w\" sizes=\"auto, (max-width: 612px) 100vw, 612px\" \/><\/figure><div class=\"wp-block-media-text__content\">\n<p class=\"has-medium-font-size\"><strong>le Balinais Indon\u00e9sien.<\/strong><br>Originaire de Bali, ce massage favorise l&#8217;harmonie, l&#8217;\u00e9quilibre entre le corps et l&#8217;esprit.<\/p>\n\n\n\n<p>Ce massage des points \u00e9nerg\u00e9tiques agit sur les syst\u00e8mes hormonal, nerveux et digestif. Ses bienfaits sont multiples : Relaxant, dynamisant, d\u00e9toxiquant, drainant&#8230; . Il am\u00e9liore la circulation sanguine et \u00e9nerg\u00e9tique, permet de se lib\u00e9rer du stress et de lutter contre la fatigue&#8230;..<\/p>\n\n\n\n<p style=\"text-transform:none\">Il s&#8217;agit d&#8217;un encha\u00eenement de techniques comprenant des mouvements doux d&#8217;effleurage, des mouvements rotatoires et des pressions.<\/p>\n\n\n\n<p class=\"has-text-align-center\"><strong>1H = 80 \u20ac<\/strong><\/p>\n<\/div><\/div>\n","protected":false},"excerpt":{"rendered":"<p>le Balinais Indon\u00e9sien.Originaire de Bali, ce massage favorise l&#8217;harmonie, l&#8217;\u00e9quilibre entre le corps et l&#8217;esprit. Ce massage des points \u00e9nerg\u00e9tiques agit sur les syst\u00e8mes hormonal, nerveux et digestif. Ses bienfaits sont multiples : Relaxant, dynamisant, d\u00e9toxiquant, drainant&#8230; . Il am\u00e9liore la circulation sanguine et \u00e9nerg\u00e9tique, permet de se lib\u00e9rer du stress et de lutter contre&#8230;<\/p>\n","protected":false},"author":1,"featured_media":0,"parent":0,"menu_order":0,"comment_status":"closed","ping_status":"closed","template":"","meta":{"_kadence_starter_templates_imported_post":false,"_kad_post_transparent":"disable","_kad_post_title":"","_kad_post_layout":"fullwidth","_kad_post_sidebar_id":"","_kad_post_content_style":"unboxed","_kad_post_vertical_padding":"hide","_kad_post_feature":"","_kad_post_feature_position":"","_kad_post_header":false,"_kad_post_footer":false,"_kad_post_classname":"","footnotes":""},"class_list":["post-916","page","type-page","status-publish","hentry"],"_links":{"self":[{"href":"https:\/\/kuwavizuri-massage.re\/index.php?rest_route=\/wp\/v2\/pages\/916","targetHints":{"allow":["GET"]}}],"collection":[{"href":"https:\/\/kuwavizuri-massage.re\/index.php?rest_route=\/wp\/v2\/pages"}],"about":[{"href":"https:\/\/kuwavizuri-massage.re\/index.php?rest_route=\/wp\/v2\/types\/page"}],"author":[{"embeddable":true,"href":"https:\/\/kuwavizuri-massage.re\/index.php?rest_route=\/wp\/v2\/users\/1"}],"replies":[{"embeddable":true,"href":"https:\/\/kuwavizuri-massage.re\/index.php?rest_route=%2Fwp%2Fv2%2Fcomments&post=916"}],"version-history":[{"count":13,"href":"https:\/\/kuwavizuri-massage.re\/index.php?rest_route=\/wp\/v2\/pages\/916\/revisions"}],"predecessor-version":[{"id":1331,"href":"https:\/\/kuwavizuri-massage.re\/index.php?rest_route=\/wp\/v2\/pages\/916\/revisions\/1331"}],"wp:attachment":[{"href":"https:\/\/kuwavizuri-massage.re\/index.php?rest_route=%2Fwp%2Fv2%2Fmedia&parent=916"}],"curies":[{"name":"wp","href":"https:\/\/api.w.org\/{rel}","templated":true}]}}