{"id":920,"date":"2023-12-07T21:19:42","date_gmt":"2023-12-07T20:19:42","guid":{"rendered":"https:\/\/kuwavizuri-massage.re\/?page_id=920"},"modified":"2025-05-12T18:30:03","modified_gmt":"2025-05-12T16:30:03","slug":"massage-lomi-lomi","status":"publish","type":"page","link":"https:\/\/kuwavizuri-massage.re\/?page_id=920","title":{"rendered":"Massage Lomi-Lomi"},"content":{"rendered":"\n<div class=\"wp-block-media-text is-stacked-on-mobile\"><figure class=\"wp-block-media-text__media\"><img loading=\"lazy\" decoding=\"async\" width=\"736\" height=\"736\" src=\"https:\/\/kuwavizuri-massage.re\/wp-content\/uploads\/2023\/12\/sireneas.jpg\" alt=\"\" class=\"wp-image-1183 size-full\" srcset=\"https:\/\/kuwavizuri-massage.re\/wp-content\/uploads\/2023\/12\/sireneas.jpg 736w, https:\/\/kuwavizuri-massage.re\/wp-content\/uploads\/2023\/12\/sireneas-300x300.jpg 300w, https:\/\/kuwavizuri-massage.re\/wp-content\/uploads\/2023\/12\/sireneas-150x150.jpg 150w\" sizes=\"auto, (max-width: 736px) 100vw, 736px\" \/><\/figure><div class=\"wp-block-media-text__content\">\n<p class=\"has-medium-font-size\"><strong>Le Lomi-lomi Hawa\u00efen<\/strong><br>est une pratique ancestrale des piroguiers polyn\u00e9siens, une invitation au voyage.<\/p>\n\n\n\n<p>C&#8217;est un soin authentique visant \u00e0 l&#8217;\u00e9quilibre du corps et l&#8217;esprit. Id\u00e9al apr\u00e8s l&#8217;effort physique, il facilite \u00e9galement le bien-\u00eatre \u00e9motionnel, agit contre l&#8217;anxi\u00e9t\u00e9 et le stress gr\u00e2ce \u00e0 l&#8217;action sur la circulation \u00e9nerg\u00e9tique et des fluides. Ce massage permet une grande relaxation, la d\u00e9tente des muscles en profondeur.<\/p>\n\n\n\n<p>Il alterne les techniques d\u2019effleurage, de torsion, de pression et de p\u00e9trissage.<\/p>\n\n\n\n<p class=\"has-text-align-center\"><strong>1H = 80 \u20ac<\/strong><\/p>\n<\/div><\/div>\n","protected":false},"excerpt":{"rendered":"<p>Le Lomi-lomi Hawa\u00efenest une pratique ancestrale des piroguiers polyn\u00e9siens, une invitation au voyage. C&#8217;est un soin authentique visant \u00e0 l&#8217;\u00e9quilibre du corps et l&#8217;esprit. Id\u00e9al apr\u00e8s l&#8217;effort physique, il facilite \u00e9galement le bien-\u00eatre \u00e9motionnel, agit contre l&#8217;anxi\u00e9t\u00e9 et le stress gr\u00e2ce \u00e0 l&#8217;action sur la circulation \u00e9nerg\u00e9tique et des fluides. Ce massage permet une grande&#8230;<\/p>\n","protected":false},"author":1,"featured_media":0,"parent":0,"menu_order":0,"comment_status":"closed","ping_status":"closed","template":"","meta":{"_kadence_starter_templates_imported_post":false,"_kad_post_transparent":"disable","_kad_post_title":"","_kad_post_layout":"fullwidth","_kad_post_sidebar_id":"","_kad_post_content_style":"unboxed","_kad_post_vertical_padding":"hide","_kad_post_feature":"","_kad_post_feature_position":"","_kad_post_header":false,"_kad_post_footer":false,"_kad_post_classname":"","footnotes":""},"class_list":["post-920","page","type-page","status-publish","hentry"],"_links":{"self":[{"href":"https:\/\/kuwavizuri-massage.re\/index.php?rest_route=\/wp\/v2\/pages\/920","targetHints":{"allow":["GET"]}}],"collection":[{"href":"https:\/\/kuwavizuri-massage.re\/index.php?rest_route=\/wp\/v2\/pages"}],"about":[{"href":"https:\/\/kuwavizuri-massage.re\/index.php?rest_route=\/wp\/v2\/types\/page"}],"author":[{"embeddable":true,"href":"https:\/\/kuwavizuri-massage.re\/index.php?rest_route=\/wp\/v2\/users\/1"}],"replies":[{"embeddable":true,"href":"https:\/\/kuwavizuri-massage.re\/index.php?rest_route=%2Fwp%2Fv2%2Fcomments&post=920"}],"version-history":[{"count":7,"href":"https:\/\/kuwavizuri-massage.re\/index.php?rest_route=\/wp\/v2\/pages\/920\/revisions"}],"predecessor-version":[{"id":1332,"href":"https:\/\/kuwavizuri-massage.re\/index.php?rest_route=\/wp\/v2\/pages\/920\/revisions\/1332"}],"wp:attachment":[{"href":"https:\/\/kuwavizuri-massage.re\/index.php?rest_route=%2Fwp%2Fv2%2Fmedia&parent=920"}],"curies":[{"name":"wp","href":"https:\/\/api.w.org\/{rel}","templated":true}]}}