{"id":929,"date":"2023-12-07T21:49:49","date_gmt":"2023-12-07T20:49:49","guid":{"rendered":"https:\/\/kuwavizuri-massage.re\/?page_id=929"},"modified":"2023-12-13T13:57:32","modified_gmt":"2023-12-13T12:57:32","slug":"massage-amma-assis","status":"publish","type":"page","link":"https:\/\/kuwavizuri-massage.re\/?page_id=929","title":{"rendered":"massage amma assis"},"content":{"rendered":"\n<div class=\"wp-block-media-text is-stacked-on-mobile\"><figure class=\"wp-block-media-text__media\"><img loading=\"lazy\" decoding=\"async\" width=\"400\" height=\"300\" src=\"https:\/\/kuwavizuri-massage.re\/wp-content\/uploads\/2023\/12\/Massage-assis-habille.jpg\" alt=\"\" class=\"wp-image-1189 size-full\" srcset=\"https:\/\/kuwavizuri-massage.re\/wp-content\/uploads\/2023\/12\/Massage-assis-habille.jpg 400w, https:\/\/kuwavizuri-massage.re\/wp-content\/uploads\/2023\/12\/Massage-assis-habille-300x225.jpg 300w\" sizes=\"auto, (max-width: 400px) 100vw, 400px\" \/><\/figure><div class=\"wp-block-media-text__content\">\n<p class=\"has-medium-font-size\"><strong>le Amma Assis.<\/strong><br>C&#8217;est un massage relaxant, dynamisant de 15 \u00e0 20min d&#8217;apaisement, favorisant le rel\u00e2chement des tensions musculaires et nerveuses, l&#8217;\u00e9limination du stress, la d\u00e9tente et le bien-\u00eatre.<\/p>\n\n\n\n<p>Le massage assis peut \u00eatre utilis\u00e9 en entreprise, lors des comp\u00e9titions sportives, dans les domaines d&#8217;activit\u00e9s commerciales, associatives ou \u00e9v\u00e8nementielles.<\/p>\n\n\n\n<p class=\"has-text-align-center\"><strong>15 min = 15 \u20ac<\/strong><\/p>\n<\/div><\/div>\n","protected":false},"excerpt":{"rendered":"<p>le Amma Assis.C&#8217;est un massage relaxant, dynamisant de 15 \u00e0 20min d&#8217;apaisement, favorisant le rel\u00e2chement des tensions musculaires et nerveuses, l&#8217;\u00e9limination du stress, la d\u00e9tente et le bien-\u00eatre. Le massage assis peut \u00eatre utilis\u00e9 en entreprise, lors des comp\u00e9titions sportives, dans les domaines d&#8217;activit\u00e9s commerciales, associatives ou \u00e9v\u00e8nementielles. 15 min = 15 \u20ac<\/p>\n","protected":false},"author":1,"featured_media":0,"parent":0,"menu_order":0,"comment_status":"closed","ping_status":"closed","template":"","meta":{"_kadence_starter_templates_imported_post":false,"_kad_post_transparent":"disable","_kad_post_title":"","_kad_post_layout":"fullwidth","_kad_post_sidebar_id":"","_kad_post_content_style":"unboxed","_kad_post_vertical_padding":"hide","_kad_post_feature":"","_kad_post_feature_position":"","_kad_post_header":false,"_kad_post_footer":false,"_kad_post_classname":"","footnotes":""},"class_list":["post-929","page","type-page","status-publish","hentry"],"_links":{"self":[{"href":"https:\/\/kuwavizuri-massage.re\/index.php?rest_route=\/wp\/v2\/pages\/929","targetHints":{"allow":["GET"]}}],"collection":[{"href":"https:\/\/kuwavizuri-massage.re\/index.php?rest_route=\/wp\/v2\/pages"}],"about":[{"href":"https:\/\/kuwavizuri-massage.re\/index.php?rest_route=\/wp\/v2\/types\/page"}],"author":[{"embeddable":true,"href":"https:\/\/kuwavizuri-massage.re\/index.php?rest_route=\/wp\/v2\/users\/1"}],"replies":[{"embeddable":true,"href":"https:\/\/kuwavizuri-massage.re\/index.php?rest_route=%2Fwp%2Fv2%2Fcomments&post=929"}],"version-history":[{"count":4,"href":"https:\/\/kuwavizuri-massage.re\/index.php?rest_route=\/wp\/v2\/pages\/929\/revisions"}],"predecessor-version":[{"id":1218,"href":"https:\/\/kuwavizuri-massage.re\/index.php?rest_route=\/wp\/v2\/pages\/929\/revisions\/1218"}],"wp:attachment":[{"href":"https:\/\/kuwavizuri-massage.re\/index.php?rest_route=%2Fwp%2Fv2%2Fmedia&parent=929"}],"curies":[{"name":"wp","href":"https:\/\/api.w.org\/{rel}","templated":true}]}}