{"id":932,"date":"2023-12-07T21:53:33","date_gmt":"2023-12-07T20:53:33","guid":{"rendered":"https:\/\/kuwavizuri-massage.re\/?page_id=932"},"modified":"2025-05-12T18:31:41","modified_gmt":"2025-05-12T16:31:41","slug":"hindu-essentiel-massage","status":"publish","type":"page","link":"https:\/\/kuwavizuri-massage.re\/?page_id=932","title":{"rendered":"hindu essentiel massage"},"content":{"rendered":"\n<div class=\"wp-block-media-text is-stacked-on-mobile\"><figure class=\"wp-block-media-text__media\"><img loading=\"lazy\" decoding=\"async\" width=\"640\" height=\"366\" src=\"https:\/\/kuwavizuri-massage.re\/wp-content\/uploads\/2023\/12\/ai-generated-8347190_640.webp\" alt=\"\" class=\"wp-image-1046 size-full\" srcset=\"https:\/\/kuwavizuri-massage.re\/wp-content\/uploads\/2023\/12\/ai-generated-8347190_640.webp 640w, https:\/\/kuwavizuri-massage.re\/wp-content\/uploads\/2023\/12\/ai-generated-8347190_640-300x172.webp 300w\" sizes=\"auto, (max-width: 640px) 100vw, 640px\" \/><\/figure><div class=\"wp-block-media-text__content\">\n<p class=\"has-medium-font-size\"><strong>(Massage ayurv\u00e9dique)<\/strong><\/p>\n\n\n\n<p>L&#8217;ayurv\u00e9da et l&#8217;aromath\u00e9rapie sont utilis\u00e9s pour harmoniser les doshas lors du massage traditionnel \u00ab Abhyanga \u00bb, impliquant l&#8217;utilisation de pochons et d&#8217;huiles v\u00e9g\u00e9tales naturelles en relation avec les doshas.<\/p>\n\n\n\n<p>Ce massage est d\u00e9pos\u00e9 par CV PRIMARY ESSENCE et vise \u00e0 procurer une sensation de pl\u00e9nitude, de bien-\u00eatre, et \u00e0 r\u00e9tablir l&#8217;\u00e9quilibre \u00e9nerg\u00e9tique.<\/p>\n\n\n\n<p class=\"has-text-align-center\"><strong>1H30 = 120 \u20ac<\/strong><\/p>\n<\/div><\/div>\n","protected":false},"excerpt":{"rendered":"<p>(Massage ayurv\u00e9dique) L&#8217;ayurv\u00e9da et l&#8217;aromath\u00e9rapie sont utilis\u00e9s pour harmoniser les doshas lors du massage traditionnel \u00ab Abhyanga \u00bb, impliquant l&#8217;utilisation de pochons et d&#8217;huiles v\u00e9g\u00e9tales naturelles en relation avec les doshas. Ce massage est d\u00e9pos\u00e9 par CV PRIMARY ESSENCE et vise \u00e0 procurer une sensation de pl\u00e9nitude, de bien-\u00eatre, et \u00e0 r\u00e9tablir l&#8217;\u00e9quilibre \u00e9nerg\u00e9tique. 1H30&#8230;<\/p>\n","protected":false},"author":1,"featured_media":0,"parent":0,"menu_order":0,"comment_status":"closed","ping_status":"closed","template":"","meta":{"_kadence_starter_templates_imported_post":false,"_kad_post_transparent":"disable","_kad_post_title":"default","_kad_post_layout":"fullwidth","_kad_post_sidebar_id":"","_kad_post_content_style":"unboxed","_kad_post_vertical_padding":"hide","_kad_post_feature":"hide","_kad_post_feature_position":"","_kad_post_header":false,"_kad_post_footer":false,"_kad_post_classname":"","footnotes":""},"class_list":["post-932","page","type-page","status-publish","hentry"],"_links":{"self":[{"href":"https:\/\/kuwavizuri-massage.re\/index.php?rest_route=\/wp\/v2\/pages\/932","targetHints":{"allow":["GET"]}}],"collection":[{"href":"https:\/\/kuwavizuri-massage.re\/index.php?rest_route=\/wp\/v2\/pages"}],"about":[{"href":"https:\/\/kuwavizuri-massage.re\/index.php?rest_route=\/wp\/v2\/types\/page"}],"author":[{"embeddable":true,"href":"https:\/\/kuwavizuri-massage.re\/index.php?rest_route=\/wp\/v2\/users\/1"}],"replies":[{"embeddable":true,"href":"https:\/\/kuwavizuri-massage.re\/index.php?rest_route=%2Fwp%2Fv2%2Fcomments&post=932"}],"version-history":[{"count":5,"href":"https:\/\/kuwavizuri-massage.re\/index.php?rest_route=\/wp\/v2\/pages\/932\/revisions"}],"predecessor-version":[{"id":1335,"href":"https:\/\/kuwavizuri-massage.re\/index.php?rest_route=\/wp\/v2\/pages\/932\/revisions\/1335"}],"wp:attachment":[{"href":"https:\/\/kuwavizuri-massage.re\/index.php?rest_route=%2Fwp%2Fv2%2Fmedia&parent=932"}],"curies":[{"name":"wp","href":"https:\/\/api.w.org\/{rel}","templated":true}]}}