{"id":935,"date":"2023-12-07T22:02:53","date_gmt":"2023-12-07T21:02:53","guid":{"rendered":"https:\/\/kuwavizuri-massage.re\/?page_id=935"},"modified":"2025-05-12T18:33:34","modified_gmt":"2025-05-12T16:33:34","slug":"segmentaire-au-choix","status":"publish","type":"page","link":"https:\/\/kuwavizuri-massage.re\/?page_id=935","title":{"rendered":"segmentaire au choix"},"content":{"rendered":"\n<div class=\"wp-block-media-text is-stacked-on-mobile\"><figure class=\"wp-block-media-text__media\"><img loading=\"lazy\" decoding=\"async\" width=\"626\" height=\"416\" src=\"https:\/\/kuwavizuri-massage.re\/wp-content\/uploads\/2023\/12\/Massage-De-Reflexologie-Plantaire-_-Photo-Premium.jpg\" alt=\"\" class=\"wp-image-1191 size-full\" srcset=\"https:\/\/kuwavizuri-massage.re\/wp-content\/uploads\/2023\/12\/Massage-De-Reflexologie-Plantaire-_-Photo-Premium.jpg 626w, https:\/\/kuwavizuri-massage.re\/wp-content\/uploads\/2023\/12\/Massage-De-Reflexologie-Plantaire-_-Photo-Premium-300x199.jpg 300w\" sizes=\"auto, (max-width: 626px) 100vw, 626px\" \/><\/figure><div class=\"wp-block-media-text__content\">\n<p class=\"has-medium-font-size\">(<strong>Dos, Cr\u00e2ne, Bras, Mains, Jambes, Pieds)<\/strong><\/p>\n\n\n\n<p>Massage d&#8217;une ou plusieurs parties du corps, selon les besoins et les pr\u00e9f\u00e9rences du client.<\/p>\n\n\n\n<p class=\"has-medium-font-size\"><strong>Pour un massage personnalis\u00e9<\/strong><\/p>\n\n\n\n<p class=\"has-text-align-center\"><strong>1H = 70 \u20ac \/ 1H30 = 90 \u20ac<\/strong><\/p>\n<\/div><\/div>\n","protected":false},"excerpt":{"rendered":"<p>(Dos, Cr\u00e2ne, Bras, Mains, Jambes, Pieds) Massage d&#8217;une ou plusieurs parties du corps, selon les besoins et les pr\u00e9f\u00e9rences du client. Pour un massage personnalis\u00e9 1H = 70 \u20ac \/ 1H30 = 90 \u20ac<\/p>\n","protected":false},"author":1,"featured_media":0,"parent":0,"menu_order":0,"comment_status":"closed","ping_status":"closed","template":"","meta":{"_kadence_starter_templates_imported_post":false,"_kad_post_transparent":"","_kad_post_title":"","_kad_post_layout":"","_kad_post_sidebar_id":"","_kad_post_content_style":"","_kad_post_vertical_padding":"","_kad_post_feature":"","_kad_post_feature_position":"","_kad_post_header":false,"_kad_post_footer":false,"_kad_post_classname":"","footnotes":""},"class_list":["post-935","page","type-page","status-publish","hentry"],"_links":{"self":[{"href":"https:\/\/kuwavizuri-massage.re\/index.php?rest_route=\/wp\/v2\/pages\/935","targetHints":{"allow":["GET"]}}],"collection":[{"href":"https:\/\/kuwavizuri-massage.re\/index.php?rest_route=\/wp\/v2\/pages"}],"about":[{"href":"https:\/\/kuwavizuri-massage.re\/index.php?rest_route=\/wp\/v2\/types\/page"}],"author":[{"embeddable":true,"href":"https:\/\/kuwavizuri-massage.re\/index.php?rest_route=\/wp\/v2\/users\/1"}],"replies":[{"embeddable":true,"href":"https:\/\/kuwavizuri-massage.re\/index.php?rest_route=%2Fwp%2Fv2%2Fcomments&post=935"}],"version-history":[{"count":5,"href":"https:\/\/kuwavizuri-massage.re\/index.php?rest_route=\/wp\/v2\/pages\/935\/revisions"}],"predecessor-version":[{"id":1336,"href":"https:\/\/kuwavizuri-massage.re\/index.php?rest_route=\/wp\/v2\/pages\/935\/revisions\/1336"}],"wp:attachment":[{"href":"https:\/\/kuwavizuri-massage.re\/index.php?rest_route=%2Fwp%2Fv2%2Fmedia&parent=935"}],"curies":[{"name":"wp","href":"https:\/\/api.w.org\/{rel}","templated":true}]}}