{"id":938,"date":"2023-12-07T22:20:43","date_gmt":"2023-12-07T21:20:43","guid":{"rendered":"https:\/\/kuwavizuri-massage.re\/?page_id=938"},"modified":"2025-05-12T18:34:00","modified_gmt":"2025-05-12T16:34:00","slug":"massage-pour-les-seniors","status":"publish","type":"page","link":"https:\/\/kuwavizuri-massage.re\/?page_id=938","title":{"rendered":"massage pour les seniors"},"content":{"rendered":"\n<div class=\"wp-block-media-text is-stacked-on-mobile\"><figure class=\"wp-block-media-text__media\"><img loading=\"lazy\" decoding=\"async\" width=\"640\" height=\"428\" src=\"https:\/\/kuwavizuri-massage.re\/wp-content\/uploads\/2023\/12\/massage-389716_640.jpg\" alt=\"\" class=\"wp-image-1052 size-full\" srcset=\"https:\/\/kuwavizuri-massage.re\/wp-content\/uploads\/2023\/12\/massage-389716_640.jpg 640w, https:\/\/kuwavizuri-massage.re\/wp-content\/uploads\/2023\/12\/massage-389716_640-300x201.jpg 300w\" sizes=\"auto, (max-width: 640px) 100vw, 640px\" \/><\/figure><div class=\"wp-block-media-text__content\">\n<p>Les seniors peuvent b\u00e9n\u00e9ficier des massages pr\u00e9c\u00e9demment \u00e9num\u00e9r\u00e9s. Cependant, c&#8217;est l&#8217;autonomie physique, mentale, voire les deux, qui adaptera les techniques et les massages. En fonction de la mobilit\u00e9, une attention particuli\u00e8re sera port\u00e9e au positionnement et \u00e0 l&#8217;installation du senior. Les effets des massages sont nombreux, notamment sur le moral, le stress, la fatigue chronique, les troubles du sommeil et certaines douleurs. Bien s\u00fbr, le massage des seniors souffrant de pathologies ne pourra se faire sans l&#8217;avis d&#8217;un soignant ou du corps m\u00e9dical (cf contre-indications).<\/p>\n\n\n\n<p>Un seul but : votre bien-\u00eatre.<\/p>\n\n\n\n<p>La s\u00e9ance peut se d\u00e9rouler au cabinet, \u00e0 domicile ou dans des structures telles que les EHPAD, les maisons de seniors, les associations, etc.<\/p>\n\n\n\n<p>Veuillez me contacter pour plus de renseignements.<\/p>\n\n\n\n<p class=\"has-text-align-center\"><strong>1 \u20ac la minute \/\/ 40 min = 50 \u20ac<\/strong><\/p>\n<\/div><\/div>\n","protected":false},"excerpt":{"rendered":"<p>Les seniors peuvent b\u00e9n\u00e9ficier des massages pr\u00e9c\u00e9demment \u00e9num\u00e9r\u00e9s. Cependant, c&#8217;est l&#8217;autonomie physique, mentale, voire les deux, qui adaptera les techniques et les massages. En fonction de la mobilit\u00e9, une attention particuli\u00e8re sera port\u00e9e au positionnement et \u00e0 l&#8217;installation du senior. Les effets des massages sont nombreux, notamment sur le moral, le stress, la fatigue chronique,&#8230;<\/p>\n","protected":false},"author":1,"featured_media":0,"parent":0,"menu_order":0,"comment_status":"closed","ping_status":"closed","template":"","meta":{"_kadence_starter_templates_imported_post":false,"_kad_post_transparent":"disable","_kad_post_title":"","_kad_post_layout":"","_kad_post_sidebar_id":"","_kad_post_content_style":"unboxed","_kad_post_vertical_padding":"hide","_kad_post_feature":"","_kad_post_feature_position":"","_kad_post_header":false,"_kad_post_footer":false,"_kad_post_classname":"","footnotes":""},"class_list":["post-938","page","type-page","status-publish","hentry"],"_links":{"self":[{"href":"https:\/\/kuwavizuri-massage.re\/index.php?rest_route=\/wp\/v2\/pages\/938","targetHints":{"allow":["GET"]}}],"collection":[{"href":"https:\/\/kuwavizuri-massage.re\/index.php?rest_route=\/wp\/v2\/pages"}],"about":[{"href":"https:\/\/kuwavizuri-massage.re\/index.php?rest_route=\/wp\/v2\/types\/page"}],"author":[{"embeddable":true,"href":"https:\/\/kuwavizuri-massage.re\/index.php?rest_route=\/wp\/v2\/users\/1"}],"replies":[{"embeddable":true,"href":"https:\/\/kuwavizuri-massage.re\/index.php?rest_route=%2Fwp%2Fv2%2Fcomments&post=938"}],"version-history":[{"count":7,"href":"https:\/\/kuwavizuri-massage.re\/index.php?rest_route=\/wp\/v2\/pages\/938\/revisions"}],"predecessor-version":[{"id":1337,"href":"https:\/\/kuwavizuri-massage.re\/index.php?rest_route=\/wp\/v2\/pages\/938\/revisions\/1337"}],"wp:attachment":[{"href":"https:\/\/kuwavizuri-massage.re\/index.php?rest_route=%2Fwp%2Fv2%2Fmedia&parent=938"}],"curies":[{"name":"wp","href":"https:\/\/api.w.org\/{rel}","templated":true}]}}