{"id":941,"date":"2023-12-07T22:27:56","date_gmt":"2023-12-07T21:27:56","guid":{"rendered":"https:\/\/kuwavizuri-massage.re\/?page_id=941"},"modified":"2025-05-05T07:49:27","modified_gmt":"2025-05-05T05:49:27","slug":"massage-du-sportif","status":"publish","type":"page","link":"https:\/\/kuwavizuri-massage.re\/?page_id=941","title":{"rendered":"massage du sportif"},"content":{"rendered":"\n<div class=\"wp-block-media-text is-stacked-on-mobile\"><figure class=\"wp-block-media-text__media\"><img loading=\"lazy\" decoding=\"async\" width=\"640\" height=\"452\" src=\"https:\/\/kuwavizuri-massage.re\/wp-content\/uploads\/2023\/12\/knee-2768834_640.jpg\" alt=\"\" class=\"wp-image-1054 size-full\" srcset=\"https:\/\/kuwavizuri-massage.re\/wp-content\/uploads\/2023\/12\/knee-2768834_640.jpg 640w, https:\/\/kuwavizuri-massage.re\/wp-content\/uploads\/2023\/12\/knee-2768834_640-300x212.jpg 300w\" sizes=\"auto, (max-width: 640px) 100vw, 640px\" \/><\/figure><div class=\"wp-block-media-text__content\">\n<p>Un accompagnement sp\u00e9cifique avant, pendant et apr\u00e8s la comp\u00e9tition. Pour d\u00e9nouer les muscles, les pr\u00e9parer \u00e0 l&#8217;effort, permettre une meilleure r\u00e9cup\u00e9ration apr\u00e8s l&#8217;action.<\/p>\n\n\n\n<p>Le massage sportif agit :<\/p>\n\n\n\n<ul class=\"wp-block-list\">\n<li>Sur le stress mental.<\/li>\n\n\n\n<li>Sur le stress musculaire.<\/li>\n<\/ul>\n\n\n\n<p>Possibilit\u00e9 d&#8217;accompagnement individuel ou collectif.<\/p>\n\n\n\n<p>Pour plus de d\u00e9tails, n&#8217;h\u00e9sitez pas \u00e0 me contacter.<\/p>\n<\/div><\/div>\n","protected":false},"excerpt":{"rendered":"","protected":false},"author":1,"featured_media":0,"parent":0,"menu_order":0,"comment_status":"closed","ping_status":"closed","template":"","meta":{"_kadence_starter_templates_imported_post":false,"_kad_post_transparent":"disable","_kad_post_title":"","_kad_post_layout":"fullwidth","_kad_post_sidebar_id":"","_kad_post_content_style":"unboxed","_kad_post_vertical_padding":"hide","_kad_post_feature":"","_kad_post_feature_position":"","_kad_post_header":false,"_kad_post_footer":false,"_kad_post_classname":"","footnotes":""},"class_list":["post-941","page","type-page","status-publish","hentry"],"_links":{"self":[{"href":"https:\/\/kuwavizuri-massage.re\/index.php?rest_route=\/wp\/v2\/pages\/941","targetHints":{"allow":["GET"]}}],"collection":[{"href":"https:\/\/kuwavizuri-massage.re\/index.php?rest_route=\/wp\/v2\/pages"}],"about":[{"href":"https:\/\/kuwavizuri-massage.re\/index.php?rest_route=\/wp\/v2\/types\/page"}],"author":[{"embeddable":true,"href":"https:\/\/kuwavizuri-massage.re\/index.php?rest_route=\/wp\/v2\/users\/1"}],"replies":[{"embeddable":true,"href":"https:\/\/kuwavizuri-massage.re\/index.php?rest_route=%2Fwp%2Fv2%2Fcomments&post=941"}],"version-history":[{"count":5,"href":"https:\/\/kuwavizuri-massage.re\/index.php?rest_route=\/wp\/v2\/pages\/941\/revisions"}],"predecessor-version":[{"id":1233,"href":"https:\/\/kuwavizuri-massage.re\/index.php?rest_route=\/wp\/v2\/pages\/941\/revisions\/1233"}],"wp:attachment":[{"href":"https:\/\/kuwavizuri-massage.re\/index.php?rest_route=%2Fwp%2Fv2%2Fmedia&parent=941"}],"curies":[{"name":"wp","href":"https:\/\/api.w.org\/{rel}","templated":true}]}}